{"id":10342,"date":"2016-07-01T15:26:02","date_gmt":"2016-07-01T15:26:02","guid":{"rendered":"https:\/\/whope.com.ar\/\/clubhope\/?page_id=10342"},"modified":"2022-05-09T13:57:37","modified_gmt":"2022-05-09T13:57:37","slug":"sobre-hope","status":"publish","type":"page","link":"https:\/\/whope.com.ar\/clubhope\/sobre-hope\/","title":{"rendered":"Sobre Hope"},"content":{"rendered":"<p>[vc_row][vc_column width=\u00bb1\/6&#8243;][\/vc_column][vc_column width=\u00bb2\/3&#8243;]\n<h3 class=\"eltd-custom-font-holder\" style=\"font-weight: 400;text-align: center\">\n\tDesde hace 50 a\u00f1os que en William Hope trabajamos en el cuidado de la salud.<\/h3>[vc_empty_space][\/vc_column][vc_column width=\u00bb1\/6&#8243;][\/vc_column][\/vc_row][vc_row][vc_column width=\u00bb1\/4&#8243; el_class=\u00bbpadding-columns\u00bb][vc_column_text el_class=\u00bbcentrar-texto\u00bb]<\/p>\n<div id=\"btn-sobre\"><a class=\"eltd-btn eltd-btn-large eltd-btn-solid boton-now\" href=\"#\" target=\"_self\" rel=\"noopener\"><br \/>\n<span class=\"eltd-btn-text titulo-planes\">NOW<\/span><br \/>\n<span class=\"texto-planes\">18 a 29 a\u00f1os<\/span><br \/>\n<\/a><a class=\"eltd-btn eltd-btn-large eltd-btn-solid boton-individuo\" href=\"#\" target=\"_self\" rel=\"noopener\"><br \/>\n<span class=\"eltd-btn-text titulo-planes\">Individuo<\/span><br \/>\n<span class=\"texto-planes\">+35 y Planes Familiares<\/span><br \/>\n<\/a><a class=\"eltd-btn eltd-btn-large eltd-btn-solid boton-empresas\" href=\"#\" target=\"_self\" rel=\"noopener\"><br \/>\n<span class=\"eltd-btn-text titulo-planes\">Empresas<\/span><br \/>\n<span class=\"texto-planes\">Planes coorporativos<\/span><br \/>\n<\/a><a class=\"eltd-btn eltd-btn-large eltd-btn-solid boton-estudiantes\" href=\"#\" target=\"_self\" rel=\"noopener\"><br \/>\n<span class=\"eltd-btn-text titulo-planes\">Estudiantes<\/span><br \/>\n<span class=\"texto-planes\">Extranjeros<\/span><br \/>\n<\/a><\/div>\n<p>[\/vc_column_text][\/vc_column][vc_column width=\u00bb3\/4&#8243; el_class=\u00bbpadding-columns\u00bb][vc_single_image image=\u00bb13881&#8243; img_size=\u00bblarge\u00bb el_class=\u00bbimg-family\u00bb][vc_column_text]<\/p>\n<p class=\"title-nuestros\">Nuestos afiliados, nuestra prioridad<\/p>\n<p>[\/vc_column_text][\/vc_column][\/vc_row][vc_row][vc_column][vc_empty_space height=\u00bb35px\u00bb][vc_column_text]Porque nos preocupamos y ocupamos, nuestro servicio de excelencia se distingue por el trato preferencial para con todos nuestros afiliados, porque priorizamos el contacto directo, los escuchamos, los contenemos y estamos cerca para brindar soluciones. Creamos y priorizamos el v\u00ednculo con el afiliado, porque sabemos que su confianza es la clave para potenciar el desarrollo de nuestra actividad y llevar a cabo con el \u00e9xito el proceso de promoci\u00f3n y prevenci\u00f3n de la salud. La fidelidad de nuestros afiliados y prestadores nos avalan y animan a continuar brindando nuestro servicio de salud basado en los pilares de Calidad y Est\u00e9tica, incrementando la satisfacci\u00f3n de nuestros afiliados.<br \/>\nEn WILLIAM HOPE contamos con un perfil altamente orientado al servicio, maximizando los beneficios de nuestros afiliados optimizando sus aportes.<br \/>\nNuestros afiliados cuentan con cobertura total desde el d\u00eda de su ingreso<br \/>\nNuestra Comisi\u00f3n Directiva esta integrada por Directores de Recursos Humanos\/Finanzas en nuestras empresas afiliadas.[\/vc_column_text][vc_empty_space height=\u00bb50px\u00bb][\/vc_column][\/vc_row][vc_row content_width=\u00bbgrid\u00bb][vc_column width=\u00bb1\/3&#8243; el_class=\u00bbcol-visitar\u00bb][vc_empty_space][vc_column_text]<\/p>\n<p class=\"title-visitar\">Visit\u00e1 nuestro sitio institucional<\/p>\n<p>[\/vc_column_text]<a href=\"http:\/\/www.whope.com.ar\" target=\"_blank\" style=\"font-weight: 100\" class=\"eltd-btn eltd-btn-large eltd-btn-solid eltd-btn-custom-hover-bg setea-boton boton-banner\" data-hover-bg-color=\"#ffffff\" >\n    <span class=\"eltd-btn-text\">Ir a www.whope.com.ar<\/span>\n    <\/a>[\/vc_column][vc_column width=\u00bb2\/3&#8243;][vc_single_image image=\u00bb13882&#8243; img_size=\u00bbfull\u00bb alignment=\u00bbright\u00bb][\/vc_column][\/vc_row]<\/p>\n","protected":false},"excerpt":{"rendered":"<p>[vc_row][vc_column width=\u00bb1\/6&#8243;][\/vc_column][vc_column width=\u00bb2\/3&#8243;][vc_empty_space][\/vc_column][vc_column width=\u00bb1\/6&#8243;][\/vc_column][\/vc_row][vc_row][vc_column width=\u00bb1\/4&#8243; el_class=\u00bbpadding-columns\u00bb][vc_column_text el_class=\u00bbcentrar-texto\u00bb] NOW 18 a 29 a\u00f1os Individuo +35 y Planes Familiares Empresas Planes coorporativos Estudiantes Extranjeros [\/vc_column_text][\/vc_column][vc_column width=\u00bb3\/4&#8243; el_class=\u00bbpadding-columns\u00bb][vc_single_image image=\u00bb13881&#8243; img_size=\u00bblarge\u00bb el_class=\u00bbimg-family\u00bb][vc_column_text] Nuestos afiliados, nuestra prioridad [\/vc_column_text][\/vc_column][\/vc_row][vc_row][vc_column][vc_empty_space height=\u00bb35px\u00bb][vc_column_text]Porque nos preocupamos y ocupamos, nuestro servicio de excelencia se distingue por&#8230;<\/p>\n","protected":false},"author":1,"featured_media":0,"parent":0,"menu_order":0,"comment_status":"closed","ping_status":"closed","template":"","meta":{"footnotes":""},"class_list":["post-10342","page","type-page","status-publish","hentry"],"_links":{"self":[{"href":"https:\/\/whope.com.ar\/clubhope\/wp-json\/wp\/v2\/pages\/10342","targetHints":{"allow":["GET"]}}],"collection":[{"href":"https:\/\/whope.com.ar\/clubhope\/wp-json\/wp\/v2\/pages"}],"about":[{"href":"https:\/\/whope.com.ar\/clubhope\/wp-json\/wp\/v2\/types\/page"}],"author":[{"embeddable":true,"href":"https:\/\/whope.com.ar\/clubhope\/wp-json\/wp\/v2\/users\/1"}],"replies":[{"embeddable":true,"href":"https:\/\/whope.com.ar\/clubhope\/wp-json\/wp\/v2\/comments?post=10342"}],"version-history":[{"count":67,"href":"https:\/\/whope.com.ar\/clubhope\/wp-json\/wp\/v2\/pages\/10342\/revisions"}],"predecessor-version":[{"id":13883,"href":"https:\/\/whope.com.ar\/clubhope\/wp-json\/wp\/v2\/pages\/10342\/revisions\/13883"}],"wp:attachment":[{"href":"https:\/\/whope.com.ar\/clubhope\/wp-json\/wp\/v2\/media?parent=10342"}],"curies":[{"name":"wp","href":"https:\/\/api.w.org\/{rel}","templated":true}]}}